{"id":13426,"date":"2014-02-20T05:57:23","date_gmt":"2014-02-20T05:57:23","guid":{"rendered":"http:\/\/demos.artbees.net\/ken\/?page_id=13426"},"modified":"2023-09-14T20:21:24","modified_gmt":"2023-09-14T18:21:24","slug":"home","status":"publish","type":"page","link":"https:\/\/bridgindrama.sk\/sk\/","title":{"rendered":"Domov"},"content":{"rendered":"[mk_page_section bg_position=&#8220;center center&#8220; bg_repeat=&#8220;no-repeat&#8220; bg_image=&#8220;https:\/\/bridgindrama.sk\/wp-content\/uploads\/2022\/11\/1.png&#8220; color_mask=&#8220;#000000&#8243; mask_opacity=&#8220;0.1&#8243; full_width=&#8220;true&#8220; ]\n[vc_column][vc_row_inner][vc_column_inner width=&#8220;1\/6&#8243;][\/vc_column_inner][vc_column_inner el_class=&#8220;text-center&#8220; width=&#8220;2\/3&#8243;][mk_fancy_title tag_name=&#8220;h1&#8243; size=&#8220;80&#8243; line_height=&#8220;90&#8243; color=&#8220;#ffffff&#8220; font_weight=&#8220;300&#8243; font_family=&#8220;none&#8220; align=&#8220;center&#8220; animation=&#8220;scale-down&#8220;]\n<p><strong><em>Premi\u00e9ra<\/em><\/strong><\/p>\n[\/mk_fancy_title][mk_padding_divider size=&#8220;25&#8243;][mk_fancy_text color=&#8220;rgba(255,255,255,0.7)&#8220; highlight_color=&#8220;#000000&#8243; highlight_opacity=&#8220;0&#8243; font_family=&#8220;none&#8220; align=&#8220;center&#8220;]\n[\/mk_fancy_text][mk_padding_divider size=&#8220;25&#8243;][vc_btn title=&#8220;K\u00fapi\u0165 l\u00edstok&#8220; style=&#8220;outline&#8220; color=&#8220;white&#8220; align=&#8220;center&#8220; css_animation=&#8220;bottom-to-top&#8220; link=&#8220;url:\/\/tootoot.fm\/sk\/events\/6502a3c71b234e05600417e7||target:%20_blank&#8220; el_class=&#8220;buttons-center&#8220;][vc_btn title=&#8220;O hre&#8220; style=&#8220;classic&#8220; color=&#8220;juicy-pink&#8220; align=&#8220;center&#8220; css_animation=&#8220;bottom-to-top&#8220; link=&#8220;url:\/sk\/predstavenia\/masterclass-with-shakespeare\/&#8220; el_class=&#8220;buttons-center&#8220;][\/vc_column_inner][vc_column_inner width=&#8220;1\/6&#8243;][\/vc_column_inner][\/vc_row_inner][\/vc_column][\/mk_page_section][vc_row css=&#8220;.vc_custom_1455753532481{padding-top: 0px !important;padding-right: 0px !important;padding-bottom: 0px !important;padding-left: 0px !important;}&#8220;][vc_column][mk_padding_divider size=&#8220;80&#8243;][mk_fancy_title style=&#8220;avantgarde&#8220; tag_name=&#8220;h2&#8243; border_width=&#8220;5&#8243; size=&#8220;20&#8243; color=&#8220;#444444&#8243; font_weight=&#8220;300&#8243; font_family=&#8220;none&#8220; margin_bottom=&#8220;60&#8243; align=&#8220;center&#8220;]Novinky[\/mk_fancy_title][vc_row_inner][vc_column_inner width=&#8220;1\/2&#8243;][mk_blog style=&#8220;modern&#8220; image_height=&#8220;600&#8243; count=&#8220;1&#8243; pagination=&#8220;false&#8220; item_id=&#8220;1455753391-56c508af6962a&#8220;][\/vc_column_inner][vc_column_inner width=&#8220;1\/2&#8243;][mk_blog style=&#8220;modern&#8220; image_height=&#8220;600&#8243; count=&#8220;1&#8243; offset=&#8220;1&#8243; pagination=&#8220;false&#8220; item_id=&#8220;1455753391-56c508af6962a&#8220;][\/vc_column_inner][\/vc_row_inner][mk_padding_divider size=&#8220;80&#8243;][\/vc_column][\/vc_row][mk_page_section bg_image=&#8220;https:\/\/bridgindrama.sk\/wp-content\/uploads\/2014\/02\/bridgindrama-team.jpg&#8220; bg_position=&#8220;center center&#8220; bg_repeat=&#8220;no-repeat&#8220; bg_stretch=&#8220;true&#8220; mask=&#8220;true&#8220; color_mask=&#8220;#000000&#8243; mask_opacity=&#8220;0.7&#8243; padding=&#8220;110&#8243;][vc_column][mk_padding_divider size=&#8220;15&#8243;][mk_fancy_title size=&#8220;50&#8243; line_height=&#8220;60&#8243; color=&#8220;#ffffff&#8220; font_weight=&#8220;normal&#8220; font_family=&#8220;none&#8220; align=&#8220;center&#8220; animation=&#8220;bottom-to-top&#8220;]Div\u00e1cke ohlasy[\/mk_fancy_title][mk_padding_divider size=&#8220;30&#8243;][vc_row_inner][vc_column_inner width=&#8220;1\/6&#8243;][\/vc_column_inner][vc_column_inner width=&#8220;2\/3&#8243;][mk_testimonials style=&#8220;quote&#8220; count=&#8220;-1&#8243; font_family=&#8220;none&#8220; font_size=&#8220;18&#8243; skin=&#8220;light&#8220;][\/vc_column_inner][vc_column_inner width=&#8220;1\/6&#8243;][\/vc_column_inner][\/vc_row_inner][\/vc_column][\/mk_page_section][vc_row css=&#8220;.vc_custom_1456671427452{padding-top: 0px !important;padding-right: 0px !important;padding-bottom: 0px !important;padding-left: 0px !important;}&#8220;][vc_column][mk_padding_divider size=&#8220;60&#8243;][mk_fancy_title style=&#8220;avantgarde&#8220; tag_name=&#8220;h2&#8243; border_width=&#8220;5&#8243; size=&#8220;20&#8243; color=&#8220;#444444&#8243; font_family=&#8220;none&#8220; margin_bottom=&#8220;15&#8243; align=&#8220;center&#8220;]Herci[\/mk_fancy_title][mk_padding_divider size=&#8220;60&#8243;][mk_employees style=&#8220;column&#8220; column=&#8220;3&#8243; count=&#8220;3&#8243; description=&#8220;false&#8220; employees=&#8220;27898,28142,28157&#8243; order=&#8220;ASC&#8220; full_width_image=&#8220;true&#8220;][mk_padding_divider size=&#8220;60&#8243;][vc_row_inner][vc_column_inner width=&#8220;1\/3&#8243;][\/vc_column_inner][vc_column_inner width=&#8220;1\/3&#8243;][vc_btn title=&#8220;Viac o divadle a hercoch&#8220; style=&#8220;classic&#8220; color=&#8220;juicy-pink&#8220; align=&#8220;center&#8220; css_animation=&#8220;bottom-to-top&#8220; link=&#8220;url:%2Fdivadlo-a-herci%2F||&#8220;][\/vc_column_inner][vc_column_inner width=&#8220;1\/3&#8243;][\/vc_column_inner][\/vc_row_inner][mk_padding_divider size=&#8220;60&#8243;][mk_fancy_title style=&#8220;avantgarde&#8220; tag_name=&#8220;h2&#8243; border_width=&#8220;5&#8243; size=&#8220;20&#8243; color=&#8220;#444444&#8243; font_family=&#8220;none&#8220; margin_bottom=&#8220;15&#8243; align=&#8220;center&#8220;]Partneri[\/mk_fancy_title][mk_padding_divider size=&#8220;60&#8243;][vc_row_inner][vc_column_inner width=&#8220;1\/2&#8243;][vc_column_text]<a href=\"http:\/\/teekane.sk\" rel=\"attachment wp-att-26673\"><img decoding=\"async\" loading=\"lazy\" class=\"alignnone size-full wp-image-26673 aligncenter\" src=\"https:\/\/bridgindrama.sk\/wp-content\/uploads\/2014\/02\/Teekanne.png\" alt=\"Teekanne\" width=\"110\" height=\"110\" srcset=\"https:\/\/bridgindrama.sk\/wp-content\/uploads\/2014\/02\/Teekanne.png 110w, https:\/\/bridgindrama.sk\/wp-content\/uploads\/2014\/02\/Teekanne-100x100.png 100w\" sizes=\"(max-width: 110px) 100vw, 110px\" \/><\/a>[\/vc_column_text][vc_column_text]<a href=\"http:\/\/www.welcometobratislava.eu\/\" target=\"_blank\" rel=\"noopener noreferrer\"><img decoding=\"async\" loading=\"lazy\" class=\"alignnone wp-image-27500\" src=\"https:\/\/bridgindrama.sk\/wp-content\/uploads\/2014\/02\/unnamed-1024x526.png\" alt=\"unnamed\" width=\"305\" height=\"157\" srcset=\"https:\/\/bridgindrama.sk\/wp-content\/uploads\/2014\/02\/unnamed-1024x526.png 1024w, https:\/\/bridgindrama.sk\/wp-content\/uploads\/2014\/02\/unnamed-600x308.png 600w, https:\/\/bridgindrama.sk\/wp-content\/uploads\/2014\/02\/unnamed-300x154.png 300w, https:\/\/bridgindrama.sk\/wp-content\/uploads\/2014\/02\/unnamed-768x395.png 768w, https:\/\/bridgindrama.sk\/wp-content\/uploads\/2014\/02\/unnamed.png 1845w\" sizes=\"(max-width: 305px) 100vw, 305px\" \/><\/a>[\/vc_column_text][vc_column_text]<a href=\"http:\/\/www.bratislava.sk\/\"><img decoding=\"async\" loading=\"lazy\" class=\"alignnone size-medium wp-image-27311\" src=\"https:\/\/bridgindrama.sk\/wp-content\/uploads\/2014\/02\/BA_ARS-1-300x146.jpg\" alt=\"Bez na\u00b4zvu-1\" width=\"300\" height=\"146\" srcset=\"https:\/\/bridgindrama.sk\/wp-content\/uploads\/2014\/02\/BA_ARS-1-300x146.jpg 300w, https:\/\/bridgindrama.sk\/wp-content\/uploads\/2014\/02\/BA_ARS-1.jpg 551w\" sizes=\"(max-width: 300px) 100vw, 300px\" \/><\/a>[\/vc_column_text][\/vc_column_inner][vc_column_inner width=&#8220;1\/2&#8243;][vc_column_text]<a href=\"http:\/\/fpu.sk\/\" target=\"_blank\" rel=\"noopener noreferrer\"><img decoding=\"async\" loading=\"lazy\" class=\"alignnone wp-image-27360\" src=\"https:\/\/bridgindrama.sk\/wp-content\/uploads\/2014\/02\/FPU_logo_WEB-1024x768.png\" alt=\"FPU_logo_WEB\" width=\"393\" height=\"211\" \/><\/a>[\/vc_column_text][\/vc_column_inner][\/vc_row_inner][mk_padding_divider size=&#8220;60&#8243;][\/vc_column][\/vc_row]","protected":false},"excerpt":{"rendered":"<p>[mk_page_section bg_position=&#8220;center center&#8220; bg_repeat=&#8220;no-repeat&#8220; bg_image=&#8220;https:\/\/bridgindrama.sk\/wp-content\/uploads\/2022\/11\/1.png&#8220; color_mask=&#8220;#000000&#8243; mask_opacity=&#8220;0.1&#8243; full_width=&#8220;true&#8220; ] [vc_column][vc_row_inner][vc_column_inner width=&#8220;1\/6&#8243;][\/vc_column_inner][vc_column_inner el_class=&#8220;text-center&#8220; width=&#8220;2\/3&#8243;][mk_fancy_title tag_name=&#8220;h1&#8243; size=&#8220;80&#8243; line_height=&#8220;90&#8243; color=&#8220;#ffffff&#8220; font_weight=&#8220;300&#8243; font_family=&#8220;none&#8220; align=&#8220;center&#8220; animation=&#8220;scale-down&#8220;] Premi\u00e9ra [\/mk_fancy_title][mk_padding_divider size=&#8220;25&#8243;][mk_fancy_text color=&#8220;rgba(255,255,255,0.7)&#8220; highlight_color=&#8220;#000000&#8243; highlight_opacity=&#8220;0&#8243; font_family=&#8220;none&#8220; align=&#8220;center&#8220;] [\/mk_fancy_text][mk_padding_divider size=&#8220;25&#8243;][vc_btn title=&#8220;K\u00fapi\u0165 l\u00edstok&#8220; style=&#8220;outline&#8220; color=&#8220;white&#8220; align=&#8220;center&#8220; css_animation=&#8220;bottom-to-top&#8220; link=&#8220;url:\/\/tootoot.fm\/sk\/events\/6502a3c71b234e05600417e7||target:%20_blank&#8220; el_class=&#8220;buttons-center&#8220;][vc_btn title=&#8220;O hre&#8220; style=&#8220;classic&#8220; color=&#8220;juicy-pink&#8220; align=&#8220;center&#8220; css_animation=&#8220;bottom-to-top&#8220; link=&#8220;url:\/sk\/predstavenia\/masterclass-with-shakespeare\/&#8220; el_class=&#8220;buttons-center&#8220;][\/vc_column_inner][vc_column_inner width=&#8220;1\/6&#8243;][\/vc_column_inner][\/vc_row_inner][\/vc_column][\/mk_page_section][vc_row css=&#8220;.vc_custom_1455753532481{padding-top: 0px !important;padding-right: 0px !important;padding-bottom: 0px !important;padding-left: [&hellip;]<\/p>\n","protected":false},"author":1,"featured_media":0,"parent":0,"menu_order":0,"comment_status":"closed","ping_status":"open","template":"","meta":{"footnotes":""},"yoast_head":"<!-- This site is optimized with the Yoast SEO plugin v21.1 - https:\/\/yoast.com\/wordpress\/plugins\/seo\/ -->\n<title>First English speaking theatre in Bratislava - Bridgin&#039;Drama<\/title>\n<meta name=\"description\" content=\"Official website of English speaking theatre - Bridgin&#039;Drama. All about the plays, actors and background.\" \/>\n<meta name=\"robots\" content=\"index, follow, max-snippet:-1, max-image-preview:large, max-video-preview:-1\" \/>\n<link rel=\"canonical\" href=\"https:\/\/bridgindrama.sk\/\" \/>\n<meta property=\"og:locale\" content=\"sk_SK\" \/>\n<meta property=\"og:type\" content=\"article\" \/>\n<meta property=\"og:title\" content=\"First English speaking theatre in Bratislava - Bridgin&#039;Drama\" \/>\n<meta property=\"og:description\" content=\"Official website of English speaking theatre - Bridgin&#039;Drama. All about the plays, actors and background.\" \/>\n<meta property=\"og:url\" content=\"https:\/\/bridgindrama.sk\/\" \/>\n<meta property=\"og:site_name\" content=\"Bridgin&#039;Drama\" \/>\n<meta property=\"article:modified_time\" content=\"2023-09-14T18:21:24+00:00\" \/>\n<meta property=\"og:image\" content=\"https:\/\/bridgindrama.sk\/wp-content\/uploads\/2014\/02\/Teekanne.png\" \/>\n<meta name=\"twitter:card\" content=\"summary_large_image\" \/>\n<meta name=\"twitter:label1\" content=\"Predpokladan\u00fd \u010das \u010d\u00edtania\" \/>\n\t<meta name=\"twitter:data1\" content=\"4 min\u00faty\" \/>\n<script type=\"application\/ld+json\" class=\"yoast-schema-graph\">{\"@context\":\"https:\/\/schema.org\",\"@graph\":[{\"@type\":\"WebPage\",\"@id\":\"https:\/\/bridgindrama.sk\/\",\"url\":\"https:\/\/bridgindrama.sk\/\",\"name\":\"First English speaking theatre in Bratislava - Bridgin'Drama\",\"isPartOf\":{\"@id\":\"https:\/\/bridgindrama.sk\/#website\"},\"datePublished\":\"2014-02-20T05:57:23+00:00\",\"dateModified\":\"2023-09-14T18:21:24+00:00\",\"description\":\"Official website of English speaking theatre - Bridgin'Drama. All about the plays, actors and background.\",\"breadcrumb\":{\"@id\":\"https:\/\/bridgindrama.sk\/#breadcrumb\"},\"inLanguage\":\"sk-SK\",\"potentialAction\":[{\"@type\":\"ReadAction\",\"target\":[\"https:\/\/bridgindrama.sk\/\"]}]},{\"@type\":\"BreadcrumbList\",\"@id\":\"https:\/\/bridgindrama.sk\/#breadcrumb\",\"itemListElement\":[{\"@type\":\"ListItem\",\"position\":1,\"name\":\"Domovsk\u00e1 str\u00e1nka\",\"item\":\"https:\/\/bridgindrama.sk\/\"},{\"@type\":\"ListItem\",\"position\":2,\"name\":\"Domov\"}]},{\"@type\":\"WebSite\",\"@id\":\"https:\/\/bridgindrama.sk\/#website\",\"url\":\"https:\/\/bridgindrama.sk\/\",\"name\":\"Bridgin&#039;Drama\",\"description\":\"prv\u00e9 divadlo v angli\u010dtine\",\"potentialAction\":[{\"@type\":\"SearchAction\",\"target\":{\"@type\":\"EntryPoint\",\"urlTemplate\":\"https:\/\/bridgindrama.sk\/?s={search_term_string}\"},\"query-input\":\"required name=search_term_string\"}],\"inLanguage\":\"sk-SK\"}]}<\/script>\n<!-- \/ Yoast SEO plugin. -->","yoast_head_json":{"title":"First English speaking theatre in Bratislava - Bridgin'Drama","description":"Official website of English speaking theatre - Bridgin'Drama. All about the plays, actors and background.","robots":{"index":"index","follow":"follow","max-snippet":"max-snippet:-1","max-image-preview":"max-image-preview:large","max-video-preview":"max-video-preview:-1"},"canonical":"https:\/\/bridgindrama.sk\/","og_locale":"sk_SK","og_type":"article","og_title":"First English speaking theatre in Bratislava - Bridgin'Drama","og_description":"Official website of English speaking theatre - Bridgin'Drama. All about the plays, actors and background.","og_url":"https:\/\/bridgindrama.sk\/","og_site_name":"Bridgin&#039;Drama","article_modified_time":"2023-09-14T18:21:24+00:00","og_image":[{"url":"https:\/\/bridgindrama.sk\/wp-content\/uploads\/2014\/02\/Teekanne.png"}],"twitter_card":"summary_large_image","twitter_misc":{"Predpokladan\u00fd \u010das \u010d\u00edtania":"4 min\u00faty"},"schema":{"@context":"https:\/\/schema.org","@graph":[{"@type":"WebPage","@id":"https:\/\/bridgindrama.sk\/","url":"https:\/\/bridgindrama.sk\/","name":"First English speaking theatre in Bratislava - Bridgin'Drama","isPartOf":{"@id":"https:\/\/bridgindrama.sk\/#website"},"datePublished":"2014-02-20T05:57:23+00:00","dateModified":"2023-09-14T18:21:24+00:00","description":"Official website of English speaking theatre - Bridgin'Drama. All about the plays, actors and background.","breadcrumb":{"@id":"https:\/\/bridgindrama.sk\/#breadcrumb"},"inLanguage":"sk-SK","potentialAction":[{"@type":"ReadAction","target":["https:\/\/bridgindrama.sk\/"]}]},{"@type":"BreadcrumbList","@id":"https:\/\/bridgindrama.sk\/#breadcrumb","itemListElement":[{"@type":"ListItem","position":1,"name":"Domovsk\u00e1 str\u00e1nka","item":"https:\/\/bridgindrama.sk\/"},{"@type":"ListItem","position":2,"name":"Domov"}]},{"@type":"WebSite","@id":"https:\/\/bridgindrama.sk\/#website","url":"https:\/\/bridgindrama.sk\/","name":"Bridgin&#039;Drama","description":"prv\u00e9 divadlo v angli\u010dtine","potentialAction":[{"@type":"SearchAction","target":{"@type":"EntryPoint","urlTemplate":"https:\/\/bridgindrama.sk\/?s={search_term_string}"},"query-input":"required name=search_term_string"}],"inLanguage":"sk-SK"}]}},"_links":{"self":[{"href":"https:\/\/bridgindrama.sk\/sk\/wp-json\/wp\/v2\/pages\/13426"}],"collection":[{"href":"https:\/\/bridgindrama.sk\/sk\/wp-json\/wp\/v2\/pages"}],"about":[{"href":"https:\/\/bridgindrama.sk\/sk\/wp-json\/wp\/v2\/types\/page"}],"author":[{"embeddable":true,"href":"https:\/\/bridgindrama.sk\/sk\/wp-json\/wp\/v2\/users\/1"}],"replies":[{"embeddable":true,"href":"https:\/\/bridgindrama.sk\/sk\/wp-json\/wp\/v2\/comments?post=13426"}],"version-history":[{"count":203,"href":"https:\/\/bridgindrama.sk\/sk\/wp-json\/wp\/v2\/pages\/13426\/revisions"}],"predecessor-version":[{"id":28259,"href":"https:\/\/bridgindrama.sk\/sk\/wp-json\/wp\/v2\/pages\/13426\/revisions\/28259"}],"wp:attachment":[{"href":"https:\/\/bridgindrama.sk\/sk\/wp-json\/wp\/v2\/media?parent=13426"}],"curies":[{"name":"wp","href":"https:\/\/api.w.org\/{rel}","templated":true}]}}